{"id":214,"date":"2024-05-02T15:36:48","date_gmt":"2024-05-02T15:36:48","guid":{"rendered":"http:\/\/www.sydbo.gl\/?page_id=214"},"modified":"2025-10-10T09:32:44","modified_gmt":"2025-10-10T09:32:44","slug":"prisliste-2024","status":"publish","type":"page","link":"http:\/\/www.sydbo.gl\/?page_id=214","title":{"rendered":"Prisliste 2025"},"content":{"rendered":"<p>\u00a0<\/p>\n<ul>\n<li>\n<table width=\"541\">\n<tbody>\n<tr>\n<td width=\"207\">\n<p>Prisliste\u00a0<\/p>\n<\/td>\n<td width=\"60\">\u00a0<\/td>\n<td width=\"60\">\u00a0<\/td>\n<td width=\"67\">\u00a0<\/td>\n<td width=\"84\">\u00a0<\/td>\n<td width=\"64\">\u00a0<\/td>\n<\/tr>\n<tr>\n<td width=\"207\">\n<p><strong>Priser u\/altan<\/strong><\/p>\n<\/td>\n<td width=\"60\">\u00a0<\/td>\n<td width=\"60\">\u00a0<\/td>\n<td width=\"67\">\u00a0<\/td>\n<td width=\"84\">\u00a0<\/td>\n<td width=\"64\">\u00a0<\/td>\n<\/tr>\n<tr>\n<td width=\"207\">\u00a0<\/td>\n<td width=\"60\">\u00a0<\/td>\n<td width=\"60\">\n<p>1-3 D\u00f8gn<\/p>\n<\/td>\n<td width=\"67\">\n<p>4-6 d\u00f8gn<\/p>\n<\/td>\n<td width=\"84\">\n<p>7-30 D\u00f8gn<\/p>\n<\/td>\n<td width=\"64\">\n<p>Over 30 d\u00f8gn<\/p>\n<\/td>\n<\/tr>\n<tr>\n<td width=\"207\">\n<p>2 rom. prisen er for 1 pers.<\/p>\n<\/td>\n<td width=\"60\">\u00a0<\/td>\n<td width=\"60\">\n<p>2200<\/p>\n<\/td>\n<td width=\"67\">\n<p>1600<\/p>\n<\/td>\n<td width=\"84\">1200<\/td>\n<td width=\"64\">1000<\/td>\n<\/tr>\n<tr>\n<td width=\"207\">\n<p>3 rom. priser g\u00e6lder for 2 pers.<\/p>\n<\/td>\n<td width=\"60\">\u00a0<\/td>\n<td width=\"60\">\n<p>2400<\/p>\n<\/td>\n<td width=\"67\">\n<p>1800<\/p>\n<\/td>\n<td width=\"84\">1350<\/td>\n<td width=\"64\">1150<\/td>\n<\/tr>\n<tr>\n<td width=\"207\">\n<p><strong>Priser med altaner<\/strong><\/p>\n<\/td>\n<td width=\"60\">\u00a0<\/td>\n<td width=\"60\">\u00a0<\/td>\n<td width=\"67\">\u00a0<\/td>\n<td width=\"84\">\u00a0<\/td>\n<td width=\"64\">\u00a0<\/td>\n<\/tr>\n<tr>\n<td width=\"207\">\u00a0<\/td>\n<td width=\"60\">\u00a0<\/td>\n<td width=\"60\">\n<p>1-3 D\u00f8gn<\/p>\n<\/td>\n<td width=\"67\">\n<p>4-6 d\u00f8gn<\/p>\n<\/td>\n<td width=\"84\">\n<p>7-30 D\u00f8gn<\/p>\n<\/td>\n<td width=\"64\">Over 30 d\u00f8gn<\/td>\n<\/tr>\n<tr>\n<td width=\"207\">\n<p>2 rom. prisen er for 1 pers.<\/p>\n<\/td>\n<td width=\"60\">\u00a0<\/td>\n<td width=\"60\">\n<p>2300<\/p>\n<\/td>\n<td width=\"67\">\n<p>1700<\/p>\n<\/td>\n<td width=\"84\">\n<p>1300<\/p>\n<\/td>\n<td width=\"64\">1100<\/td>\n<\/tr>\n<tr>\n<td width=\"207\">\u00a0<\/td>\n<td width=\"60\">\u00a0<\/td>\n<td width=\"60\">\u00a0<\/td>\n<td width=\"67\">\u00a0<\/td>\n<td width=\"84\">\u00a0<\/td>\n<td width=\"64\">\u00a0<\/td>\n<\/tr>\n<tr>\n<td width=\"207\">\n<p><strong>Erhvervslejligheder<\/strong><\/p>\n<\/td>\n<td width=\"60\">\u00a0<\/td>\n<td width=\"60\">\u00a0<\/td>\n<td width=\"67\">\u00a0<\/td>\n<td width=\"84\">\u00a0<\/td>\n<td width=\"64\">\u00a0<\/td>\n<\/tr>\n<tr>\n<td width=\"207\">\u00a0<\/td>\n<td width=\"60\">\u00a0<\/td>\n<td width=\"60\">\n<p>1-3 D\u00f8gn<\/p>\n<\/td>\n<td width=\"67\">\n<p>4-6 D\u00f8gn<\/p>\n<\/td>\n<td width=\"84\">\n<p>7-30 D\u00f8gn<\/p>\n<\/td>\n<td width=\"64\">Over 30 d\u00f8gn<\/td>\n<\/tr>\n<tr>\n<td width=\"207\">\n<p>2 rums prisen er for 1 pers.<\/p>\n<\/td>\n<td width=\"60\">\u00a0<\/td>\n<td width=\"60\">2100<\/td>\n<td width=\"67\">1500<\/td>\n<td width=\"84\">900<\/td>\n<td width=\"64\">800<\/td>\n<\/tr>\n<tr>\n<td width=\"207\">Ekstra g\u00e6ster koster\u00a0<\/td>\n<td width=\"60\">Kr<\/td>\n<td width=\"60\">150,-<\/td>\n<td width=\"67\">Pr. d\u00f8gn<\/td>\n<td width=\"84\">\u00a0<\/td>\n<td width=\"64\">\u00a0<\/td>\n<\/tr>\n<\/tbody>\n<\/table>\n<\/li>\n<\/ul>\n\n\n<p class=\"has-text-align-left\"><font _mstmutation=\"1\"><\/font><\/p>\n","protected":false},"excerpt":{"rendered":"<p>\u00a0 Prisliste\u00a0 \u00a0 \u00a0 \u00a0 \u00a0 \u00a0 Priser u\/altan \u00a0 \u00a0 \u00a0 \u00a0 \u00a0 \u00a0 \u00a0 1-3 D\u00f8gn 4-6 d\u00f8gn 7-30 D\u00f8gn Over 30 d\u00f8gn 2 rom. prisen er for 1 pers. \u00a0 2200 1600 1200 1000 3 rom. priser g\u00e6lder for 2 pers. \u00a0 2400 1800 1350 1150 Priser med altaner \u00a0 \u00a0 \u00a0 [&hellip;]<\/p>\n","protected":false},"author":2,"featured_media":0,"parent":0,"menu_order":0,"comment_status":"closed","ping_status":"closed","template":"","meta":{"footnotes":""},"class_list":["post-214","page","type-page","status-publish","hentry"],"_links":{"self":[{"href":"http:\/\/www.sydbo.gl\/index.php?rest_route=\/wp\/v2\/pages\/214","targetHints":{"allow":["GET"]}}],"collection":[{"href":"http:\/\/www.sydbo.gl\/index.php?rest_route=\/wp\/v2\/pages"}],"about":[{"href":"http:\/\/www.sydbo.gl\/index.php?rest_route=\/wp\/v2\/types\/page"}],"author":[{"embeddable":true,"href":"http:\/\/www.sydbo.gl\/index.php?rest_route=\/wp\/v2\/users\/2"}],"replies":[{"embeddable":true,"href":"http:\/\/www.sydbo.gl\/index.php?rest_route=%2Fwp%2Fv2%2Fcomments&post=214"}],"version-history":[{"count":9,"href":"http:\/\/www.sydbo.gl\/index.php?rest_route=\/wp\/v2\/pages\/214\/revisions"}],"predecessor-version":[{"id":234,"href":"http:\/\/www.sydbo.gl\/index.php?rest_route=\/wp\/v2\/pages\/214\/revisions\/234"}],"wp:attachment":[{"href":"http:\/\/www.sydbo.gl\/index.php?rest_route=%2Fwp%2Fv2%2Fmedia&parent=214"}],"curies":[{"name":"wp","href":"https:\/\/api.w.org\/{rel}","templated":true}]}}